{"id":865,"date":"2023-04-18T18:27:19","date_gmt":"2023-04-18T16:27:19","guid":{"rendered":"https:\/\/mei-schloeglhof.com\/?page_id=865"},"modified":"2023-05-25T18:15:30","modified_gmt":"2023-05-25T16:15:30","slug":"puten","status":"publish","type":"page","link":"https:\/\/mei-schloeglhof.com\/index.php\/puten\/","title":{"rendered":"Puten"},"content":{"rendered":"\n<div class=\"wp-block-group alignwide is-layout-flow wp-block-group-is-layout-flow\">\n<p>Auf unserem Hof werden \u00fcber die Sommermonate Puten gem\u00e4stet. Bezogen werden die K\u00fcken vom Putenbauer aus Weibern &#8211; 90km von unserem Hof entfernt. Die Anzahl der Tiere richtet sich hier nach den Vorbestellungen unserer KundInnen. Mir ist es ein Anliegen zu wissen, f\u00fcr wen ich diese Tiere aufziehe und schlachte. Ich bin stolz darauf, dass unsere AbnehmerInnen nicht nur das Brustfilet haben m\u00f6chten, sondern auch die Schmackhaftigkeit von Keule und Fl\u00fcgel zu sch\u00e4tzen wissen. Das Fleisch, das wir Menschen von geschlachteten Tieren erhalten, soll in meinen Augen in jedem Fall wertgesch\u00e4tzt werden.<\/p>\n\n\n\n<p><a href=\"https:\/\/mei-schloeglhof.com\/index.php\/produkte\/mei-pute\/\">Zum Produkt<\/a><\/p>\n\n\n\n<div class=\"wp-block-pb-accordion-item c-accordion__item js-accordion-item no-js\" data-initially-open=\"false\" data-click-to-close=\"true\" data-auto-close=\"true\" data-scroll=\"false\" data-scroll-offset=\"0\"><h2 id=\"at-8653\" class=\"c-accordion__title js-accordion-controller\" role=\"button\">Die Rasse<\/h2><div id=\"ac-8653\" class=\"c-accordion__content\">\n<p><strong>Big 6\/Converter<\/strong><\/p>\n\n\n\n<p>Diese Rasse entspricht der typischen Mast-Pute, welche im Einzelhandel erh\u00e4ltlich ist. Ein Hahn wiegt in der 21. Lebenswoche ca. 22kg.<\/p>\n\n\n\n<p><strong>Cartier- Bronze G 708<\/strong><\/p>\n\n\n\n<p>Es gibt sie das erste Mal 2023, da sie meinem Wunsch von einer robusten, naturbelassenen Rasse entspricht. Ihr Schlachtgewicht betr\u00e4gt durchschnittlich zwischen 10-15kg bei 16-18 Wochen, wobei ich eine langsame M\u00e4stung bevorzuge.<\/p>\n<\/div><\/div>\n\n\n\n<div class=\"wp-block-pb-accordion-item c-accordion__item js-accordion-item no-js\" data-initially-open=\"false\" data-click-to-close=\"true\" data-auto-close=\"true\" data-scroll=\"false\" data-scroll-offset=\"0\"><h2 id=\"at-8652\" class=\"c-accordion__title js-accordion-controller\" role=\"button\">Der Stall<\/h2><div id=\"ac-8652\" class=\"c-accordion__content\">\n<p>In der Biohaltung sind 21kg\/m\u00b2 vorgeschrieben. Ich rechne je Pute 1m\u00b2. Der Boden ist mit Stroh eingestreut. Mittels Querdurchl\u00fcftung kann ich f\u00fcr die Puten die Hitze im Sommer mildern. Den Tieren stehen zwei Tr\u00e4nken zur Verf\u00fcgung.<br><\/p>\n\n\n\n<p><a href=\"https:\/\/www.tierschutzkonform.at\/wp-content\/uploads\/2022\/12\/Handbuch-Gefluegel-Auflage-5.pdf\">https:\/\/www.tierschutzkonform.at\/wp-content\/uploads\/2022\/12\/Handbuch-Gefluegel-Auflage-5.pdf<\/a><\/p>\n<\/div><\/div>\n\n\n\n<div class=\"wp-block-pb-accordion-item c-accordion__item js-accordion-item no-js\" data-initially-open=\"false\" data-click-to-close=\"true\" data-auto-close=\"true\" data-scroll=\"false\" data-scroll-offset=\"0\"><h2 id=\"at-8650\" class=\"c-accordion__title js-accordion-controller\" role=\"button\">Das Futter<\/h2><div id=\"ac-8650\" class=\"c-accordion__content\">\n<p>Hier vertraue ich auf die Auer M\u00fchle in Garsten, da diese Bio-Futter anbieten.<br><\/p>\n<\/div><\/div>\n\n\n\n<div class=\"wp-block-pb-accordion-item c-accordion__item js-accordion-item no-js\" data-initially-open=\"false\" data-click-to-close=\"true\" data-auto-close=\"true\" data-scroll=\"false\" data-scroll-offset=\"0\"><h2 id=\"at-8651\" class=\"c-accordion__title js-accordion-controller\" role=\"button\">Die Weide<\/h2><div id=\"ac-8651\" class=\"c-accordion__content\">\n<p>In der Biohaltung ben\u00f6tigen die Tiere 10m\u00b2 Auslauf. Die Zaunh\u00f6he muss mindestens 1,8m betragen, um ein \u00dcberfliegen zu verhindern.<br>Aufgrund der Vogelgrippe bleiben die Tiere heuer im Stall.<br>F\u00fcr die kommenden Jahre bin ich aktuell noch auf der Suche nach einer geeigneten Weide f\u00fcr sie.<\/p>\n<\/div><\/div>\n<\/div>\n","protected":false},"excerpt":{"rendered":"<p>Auf unserem Hof werden \u00fcber die Sommermonate Puten gem\u00e4stet. Bezogen werden die K\u00fcken vom Putenbauer aus Weibern &#8211; 90km von unserem Hof entfernt. Die Anzahl der Tiere richtet sich hier nach den Vorbestellungen unserer KundInnen. Mir ist es ein Anliegen zu wissen, f\u00fcr wen ich diese Tiere aufziehe und schlachte. Ich bin stolz darauf, dass [&hellip;]<\/p>\n","protected":false},"author":1,"featured_media":0,"parent":0,"menu_order":0,"comment_status":"closed","ping_status":"closed","template":"","meta":{"footnotes":""},"class_list":["post-865","page","type-page","status-publish","hentry"],"yoast_head":"<!-- This site is optimized with the Yoast SEO plugin v27.6 - https:\/\/yoast.com\/product\/yoast-seo-wordpress\/ -->\n<title>Puten - Mei Schloeglhof<\/title>\n<meta name=\"robots\" content=\"index, follow, max-snippet:-1, max-image-preview:large, max-video-preview:-1\" \/>\n<link rel=\"canonical\" href=\"https:\/\/mei-schloeglhof.com\/index.php\/puten\/\" \/>\n<meta property=\"og:locale\" content=\"de_DE\" \/>\n<meta property=\"og:type\" content=\"article\" \/>\n<meta property=\"og:title\" content=\"Puten - Mei Schloeglhof\" \/>\n<meta property=\"og:description\" content=\"Auf unserem Hof werden \u00fcber die Sommermonate Puten gem\u00e4stet. Bezogen werden die K\u00fcken vom Putenbauer aus Weibern &#8211; 90km von unserem Hof entfernt. Die Anzahl der Tiere richtet sich hier nach den Vorbestellungen unserer KundInnen. Mir ist es ein Anliegen zu wissen, f\u00fcr wen ich diese Tiere aufziehe und schlachte. Ich bin stolz darauf, dass [&hellip;]\" \/>\n<meta property=\"og:url\" content=\"https:\/\/mei-schloeglhof.com\/index.php\/puten\/\" \/>\n<meta property=\"og:site_name\" content=\"Mei Schloeglhof\" \/>\n<meta property=\"article:publisher\" content=\"https:\/\/www.facebook.com\/profile.php?id=100087360406260\" \/>\n<meta property=\"article:modified_time\" content=\"2023-05-25T16:15:30+00:00\" \/>\n<meta name=\"twitter:card\" content=\"summary_large_image\" \/>\n<meta name=\"twitter:label1\" content=\"Gesch\u00e4tzte Lesezeit\" \/>\n\t<meta name=\"twitter:data1\" content=\"1\u00a0Minute\" \/>\n<script type=\"application\/ld+json\" class=\"yoast-schema-graph\">{\"@context\":\"https:\\\/\\\/schema.org\",\"@graph\":[{\"@type\":\"WebPage\",\"@id\":\"https:\\\/\\\/mei-schloeglhof.com\\\/index.php\\\/puten\\\/\",\"url\":\"https:\\\/\\\/mei-schloeglhof.com\\\/index.php\\\/puten\\\/\",\"name\":\"Puten - Mei Schloeglhof\",\"isPartOf\":{\"@id\":\"https:\\\/\\\/mei-schloeglhof.com\\\/#website\"},\"datePublished\":\"2023-04-18T16:27:19+00:00\",\"dateModified\":\"2023-05-25T16:15:30+00:00\",\"breadcrumb\":{\"@id\":\"https:\\\/\\\/mei-schloeglhof.com\\\/index.php\\\/puten\\\/#breadcrumb\"},\"inLanguage\":\"de\",\"potentialAction\":[{\"@type\":\"ReadAction\",\"target\":[\"https:\\\/\\\/mei-schloeglhof.com\\\/index.php\\\/puten\\\/\"]}]},{\"@type\":\"BreadcrumbList\",\"@id\":\"https:\\\/\\\/mei-schloeglhof.com\\\/index.php\\\/puten\\\/#breadcrumb\",\"itemListElement\":[{\"@type\":\"ListItem\",\"position\":1,\"name\":\"Startseite\",\"item\":\"https:\\\/\\\/mei-schloeglhof.com\\\/\"},{\"@type\":\"ListItem\",\"position\":2,\"name\":\"Puten\"}]},{\"@type\":\"WebSite\",\"@id\":\"https:\\\/\\\/mei-schloeglhof.com\\\/#website\",\"url\":\"https:\\\/\\\/mei-schloeglhof.com\\\/\",\"name\":\"Mei Schloeglhof\",\"description\":\"Regional einkaufen\",\"publisher\":{\"@id\":\"https:\\\/\\\/mei-schloeglhof.com\\\/#organization\"},\"potentialAction\":[{\"@type\":\"SearchAction\",\"target\":{\"@type\":\"EntryPoint\",\"urlTemplate\":\"https:\\\/\\\/mei-schloeglhof.com\\\/?s={search_term_string}\"},\"query-input\":{\"@type\":\"PropertyValueSpecification\",\"valueRequired\":true,\"valueName\":\"search_term_string\"}}],\"inLanguage\":\"de\"},{\"@type\":\"Organization\",\"@id\":\"https:\\\/\\\/mei-schloeglhof.com\\\/#organization\",\"name\":\"Mei Schloeglhof\",\"url\":\"https:\\\/\\\/mei-schloeglhof.com\\\/\",\"logo\":{\"@type\":\"ImageObject\",\"inLanguage\":\"de\",\"@id\":\"https:\\\/\\\/mei-schloeglhof.com\\\/#\\\/schema\\\/logo\\\/image\\\/\",\"url\":\"https:\\\/\\\/mei-schloeglhof.com\\\/wp-content\\\/uploads\\\/2023\\\/05\\\/Logo_SH_04-23.png\",\"contentUrl\":\"https:\\\/\\\/mei-schloeglhof.com\\\/wp-content\\\/uploads\\\/2023\\\/05\\\/Logo_SH_04-23.png\",\"width\":1744,\"height\":1075,\"caption\":\"Mei Schloeglhof\"},\"image\":{\"@id\":\"https:\\\/\\\/mei-schloeglhof.com\\\/#\\\/schema\\\/logo\\\/image\\\/\"},\"sameAs\":[\"https:\\\/\\\/www.facebook.com\\\/profile.php?id=100087360406260\"]}]}<\/script>\n<!-- \/ Yoast SEO plugin. -->","yoast_head_json":{"title":"Puten - Mei Schloeglhof","robots":{"index":"index","follow":"follow","max-snippet":"max-snippet:-1","max-image-preview":"max-image-preview:large","max-video-preview":"max-video-preview:-1"},"canonical":"https:\/\/mei-schloeglhof.com\/index.php\/puten\/","og_locale":"de_DE","og_type":"article","og_title":"Puten - Mei Schloeglhof","og_description":"Auf unserem Hof werden \u00fcber die Sommermonate Puten gem\u00e4stet. Bezogen werden die K\u00fcken vom Putenbauer aus Weibern &#8211; 90km von unserem Hof entfernt. Die Anzahl der Tiere richtet sich hier nach den Vorbestellungen unserer KundInnen. Mir ist es ein Anliegen zu wissen, f\u00fcr wen ich diese Tiere aufziehe und schlachte. Ich bin stolz darauf, dass [&hellip;]","og_url":"https:\/\/mei-schloeglhof.com\/index.php\/puten\/","og_site_name":"Mei Schloeglhof","article_publisher":"https:\/\/www.facebook.com\/profile.php?id=100087360406260","article_modified_time":"2023-05-25T16:15:30+00:00","twitter_card":"summary_large_image","twitter_misc":{"Gesch\u00e4tzte Lesezeit":"1\u00a0Minute"},"schema":{"@context":"https:\/\/schema.org","@graph":[{"@type":"WebPage","@id":"https:\/\/mei-schloeglhof.com\/index.php\/puten\/","url":"https:\/\/mei-schloeglhof.com\/index.php\/puten\/","name":"Puten - Mei Schloeglhof","isPartOf":{"@id":"https:\/\/mei-schloeglhof.com\/#website"},"datePublished":"2023-04-18T16:27:19+00:00","dateModified":"2023-05-25T16:15:30+00:00","breadcrumb":{"@id":"https:\/\/mei-schloeglhof.com\/index.php\/puten\/#breadcrumb"},"inLanguage":"de","potentialAction":[{"@type":"ReadAction","target":["https:\/\/mei-schloeglhof.com\/index.php\/puten\/"]}]},{"@type":"BreadcrumbList","@id":"https:\/\/mei-schloeglhof.com\/index.php\/puten\/#breadcrumb","itemListElement":[{"@type":"ListItem","position":1,"name":"Startseite","item":"https:\/\/mei-schloeglhof.com\/"},{"@type":"ListItem","position":2,"name":"Puten"}]},{"@type":"WebSite","@id":"https:\/\/mei-schloeglhof.com\/#website","url":"https:\/\/mei-schloeglhof.com\/","name":"Mei Schloeglhof","description":"Regional einkaufen","publisher":{"@id":"https:\/\/mei-schloeglhof.com\/#organization"},"potentialAction":[{"@type":"SearchAction","target":{"@type":"EntryPoint","urlTemplate":"https:\/\/mei-schloeglhof.com\/?s={search_term_string}"},"query-input":{"@type":"PropertyValueSpecification","valueRequired":true,"valueName":"search_term_string"}}],"inLanguage":"de"},{"@type":"Organization","@id":"https:\/\/mei-schloeglhof.com\/#organization","name":"Mei Schloeglhof","url":"https:\/\/mei-schloeglhof.com\/","logo":{"@type":"ImageObject","inLanguage":"de","@id":"https:\/\/mei-schloeglhof.com\/#\/schema\/logo\/image\/","url":"https:\/\/mei-schloeglhof.com\/wp-content\/uploads\/2023\/05\/Logo_SH_04-23.png","contentUrl":"https:\/\/mei-schloeglhof.com\/wp-content\/uploads\/2023\/05\/Logo_SH_04-23.png","width":1744,"height":1075,"caption":"Mei Schloeglhof"},"image":{"@id":"https:\/\/mei-schloeglhof.com\/#\/schema\/logo\/image\/"},"sameAs":["https:\/\/www.facebook.com\/profile.php?id=100087360406260"]}]}},"_links":{"self":[{"href":"https:\/\/mei-schloeglhof.com\/index.php\/wp-json\/wp\/v2\/pages\/865","targetHints":{"allow":["GET"]}}],"collection":[{"href":"https:\/\/mei-schloeglhof.com\/index.php\/wp-json\/wp\/v2\/pages"}],"about":[{"href":"https:\/\/mei-schloeglhof.com\/index.php\/wp-json\/wp\/v2\/types\/page"}],"author":[{"embeddable":true,"href":"https:\/\/mei-schloeglhof.com\/index.php\/wp-json\/wp\/v2\/users\/1"}],"replies":[{"embeddable":true,"href":"https:\/\/mei-schloeglhof.com\/index.php\/wp-json\/wp\/v2\/comments?post=865"}],"version-history":[{"count":6,"href":"https:\/\/mei-schloeglhof.com\/index.php\/wp-json\/wp\/v2\/pages\/865\/revisions"}],"predecessor-version":[{"id":1195,"href":"https:\/\/mei-schloeglhof.com\/index.php\/wp-json\/wp\/v2\/pages\/865\/revisions\/1195"}],"wp:attachment":[{"href":"https:\/\/mei-schloeglhof.com\/index.php\/wp-json\/wp\/v2\/media?parent=865"}],"curies":[{"name":"wp","href":"https:\/\/api.w.org\/{rel}","templated":true}]}}